{"id":37,"date":"2016-04-21T17:56:51","date_gmt":"2016-04-21T15:56:51","guid":{"rendered":"http:\/\/pttkgronie.radlin.pl\/pttkgronie\/?page_id=37"},"modified":"2026-04-28T22:28:55","modified_gmt":"2026-04-28T20:28:55","slug":"kontakt","status":"publish","type":"page","link":"https:\/\/pttkgronie.radlin.pl\/pttkgronie\/kontakt\/","title":{"rendered":"Kontakt"},"content":{"rendered":"<div class=\"su-row\">\n<div class=\"su-column su-column-size-1-3\"><div class=\"su-column-inner su-u-clearfix su-u-trim\"><img loading=\"lazy\" decoding=\"async\" class=\"aligncenter size-full wp-image-1248\" src=\"http:\/\/pttkgronie.radlin.pl\/pttkgronie\/wp-content\/uploads\/2016\/04\/gronie1.png\" alt=\"\" width=\"217\" height=\"85\"><\/div><\/div>\n<div class=\"su-column su-column-size-2-3\"><div class=\"su-column-inner su-u-clearfix su-u-trim\"><div class=\"su-heading su-heading-style-default su-heading-align-center\" id=\"\" style=\"font-size:32px;margin-bottom:20px\"><div class=\"su-heading-inner\">Kontakt<\/div><\/div><\/div><\/div>\n<\/div>\n\n\n\n<div style=\"height:15px\" aria-hidden=\"true\" class=\"wp-block-spacer\"><\/div>\n\n\n\n<figure class=\"wp-block-table is-style-regular\"><table class=\"has-background\" style=\"background-color:#f3f4f5\"><tbody><tr><td><strong>Adres:<\/strong><\/td><td>Ko\u0142o PTTK &#8222;Gronie&#8221; przy KWK &#8222;Marcel&#8221;<br>ul. Korfantego 52<br>44-310 Radlin<\/td><\/tr><tr><td><strong>Telefon:<\/strong><\/td><td>32 7292343 lub wew. 5343<\/td><\/tr><tr><td><strong>Marszolik Henryk<\/strong> (v-ce prezes)<\/td><td>783269224<\/td><\/tr><tr><td><strong>E-mail:<\/strong><\/td><td><img loading=\"lazy\" decoding=\"async\" width=\"150\" height=\"26\" class=\"wp-image-12250\" style=\"width: 150px;\" src=\"https:\/\/pttkgronie.radlin.pl\/pttkgronie\/wp-content\/uploads\/2020\/04\/mail.png\" alt=\"\"><\/td><\/tr><\/tbody><\/table><\/figure>\n\n\n\n<div style=\"height:60px\" aria-hidden=\"true\" class=\"wp-block-spacer\"><\/div>\n\n\n\n<h3 class=\"wp-block-heading has-text-align-center\">Dy\u017cury<\/h3>\n\n\n\n<div style=\"height:45px\" aria-hidden=\"true\" class=\"wp-block-spacer\"><\/div>\n\n\n\n<figure class=\"wp-block-table\"><table><thead><tr><th>Dzie\u0144 tygodnia<\/th><th>Godziny dy\u017curu<\/th><th>Dy\u017cur pe\u0142ni<\/th><\/tr><\/thead><tbody><tr><td>\u015aroda<\/td><td>10.00 &#8211; 14.30<\/td><td>Marszolik Henryk, Bochynek Marian, Damian Grobelny<\/td><\/tr><\/tbody><\/table><\/figure>\n\n\n\n<div style=\"height:60px\" aria-hidden=\"true\" class=\"wp-block-spacer\"><\/div>\n\n\n\n<h3 class=\"wp-block-heading has-text-align-center\">Lokalizacja<\/h3>\n\n\n\n<div class=\"su-spacer\" style=\"height:25px\"><\/div><br><iframe loading=\"lazy\" style=\"border: 0;\" src=\"https:\/\/www.google.com\/maps\/embed?pb=!1m18!1m12!1m3!1d3047.1527859940275!2d18.48639439556023!3d50.04246454048421!2m3!1f0!2f0!3f0!3m2!1i1024!2i768!4f13.1!3m3!1m2!1s0x47114fc6a6eb573f%3A0xc2d336be26e94e59!2sKWK+ROW+Ruch+Marcel!5e0!3m2!1spl!2spl!4v1517654076006\" allowfullscreen=\"allowfullscreen\" width=\"800\" height=\"600\" frameborder=\"0\"><\/iframe><\/p>\n","protected":false},"excerpt":{"rendered":"<p>Adres: Ko\u0142o PTTK &#8222;Gronie&#8221; przy KWK &#8222;Marcel&#8221;ul. Korfantego 5244-310 Radlin Telefon: 32 7292343 lub wew. 5343 Marszolik Henryk (v-ce prezes) 783269224 E-mail: Dy\u017cury Dzie\u0144 tygodnia Godziny dy\u017curu Dy\u017cur pe\u0142ni \u015aroda 10.00 &#8211; 14.30 Marszolik Henryk, Bochynek Marian, Damian Grobelny Lokalizacja<\/p>\n","protected":false},"author":1,"featured_media":0,"parent":0,"menu_order":0,"comment_status":"closed","ping_status":"closed","template":"","meta":{"ngg_post_thumbnail":0,"footnotes":""},"class_list":["post-37","page","type-page","status-publish","hentry"],"aioseo_notices":[],"_links":{"self":[{"href":"https:\/\/pttkgronie.radlin.pl\/pttkgronie\/wp-json\/wp\/v2\/pages\/37","targetHints":{"allow":["GET"]}}],"collection":[{"href":"https:\/\/pttkgronie.radlin.pl\/pttkgronie\/wp-json\/wp\/v2\/pages"}],"about":[{"href":"https:\/\/pttkgronie.radlin.pl\/pttkgronie\/wp-json\/wp\/v2\/types\/page"}],"author":[{"embeddable":true,"href":"https:\/\/pttkgronie.radlin.pl\/pttkgronie\/wp-json\/wp\/v2\/users\/1"}],"replies":[{"embeddable":true,"href":"https:\/\/pttkgronie.radlin.pl\/pttkgronie\/wp-json\/wp\/v2\/comments?post=37"}],"version-history":[{"count":56,"href":"https:\/\/pttkgronie.radlin.pl\/pttkgronie\/wp-json\/wp\/v2\/pages\/37\/revisions"}],"predecessor-version":[{"id":19817,"href":"https:\/\/pttkgronie.radlin.pl\/pttkgronie\/wp-json\/wp\/v2\/pages\/37\/revisions\/19817"}],"wp:attachment":[{"href":"https:\/\/pttkgronie.radlin.pl\/pttkgronie\/wp-json\/wp\/v2\/media?parent=37"}],"curies":[{"name":"wp","href":"https:\/\/api.w.org\/{rel}","templated":true}]}}