{"id":259,"date":"2016-04-21T20:53:53","date_gmt":"2016-04-21T18:53:53","guid":{"rendered":"http:\/\/pttkgronie.radlin.pl\/pttkgronie\/?page_id=259"},"modified":"2025-03-06T16:17:20","modified_gmt":"2025-03-06T15:17:20","slug":"regulamin-wycieczek","status":"publish","type":"page","link":"https:\/\/pttkgronie.radlin.pl\/pttkgronie\/regulamin-wycieczek\/","title":{"rendered":"Regulamin wycieczek"},"content":{"rendered":"<div class=\"su-row\">\n<div class=\"su-column su-column-size-1-3\"><div class=\"su-column-inner su-u-clearfix su-u-trim\"><img loading=\"lazy\" decoding=\"async\" class=\"aligncenter size-full wp-image-1248\" src=\"http:\/\/pttkgronie.radlin.pl\/pttkgronie\/wp-content\/uploads\/2016\/04\/gronie1.png\" alt=\"\" width=\"217\" height=\"85\"><\/div><\/div>\n<div class=\"su-column su-column-size-2-3\"><div class=\"su-column-inner su-u-clearfix su-u-trim\"><div class=\"su-heading su-heading-style-default su-heading-align-center\" id=\"\" style=\"font-size:32px;margin-bottom:20px\"><div class=\"su-heading-inner\">Regulamin wycieczek<\/div><\/div><\/div><\/div>\n<\/div>\n\n\n\n<h5 class=\"wp-block-heading has-text-align-center\">Regulamin wycieczek organizowanych przez Ko\u0142o PTTK &#8222;Gronie&#8221; w Radlinie:<\/h5>\n\n\n\n<div style=\"height:15px\" aria-hidden=\"true\" class=\"wp-block-spacer\"><\/div>\n\n\n\n<ol class=\"wp-block-list\">\n<li>Uczestnictwo w wycieczkach nale\u017cy dostosowa\u0107 do swoich zainteresowa\u0144 oraz mo\u017cliwo\u015bci fizycznych i zdrowotnych. Nale\u017cy zapozna\u0107 si\u0119 z informacj\u0105 na stronie internetowej.<\/li>\n\n\n\n<li>Zapisy wraz z wp\u0142at\u0105 na ka\u017cd\u0105 wycieczk\u0119 s\u0105 przyjmowane w siedzibie ko\u0142a \/\u015brody\/ lub oddzia\u0142u \/czwartki\/ do dnia podanego w og\u0142oszeniu wycieczki.<\/li>\n\n\n\n<li>Po zapisaniu si\u0119 na wycieczk\u0119 jednodniow\u0105 telefonicznie lub elektronicznie, do 10 dni przed wycieczk\u0105 nale\u017cy dokona\u0107 wp\u0142aty. <strong>Brak wp\u0142aty skutkuje usuni\u0119ciem z listy<\/strong><\/li>\n\n\n\n<li>Wycieczki przeznaczone s\u0105 dla cz\u0142onk\u00f3w ko\u0142a PTTK Gronie oraz pozosta\u0142ych k\u00f3\u0142 zrzeszonych w oddziale PTTK Wodzis\u0142aw \u015al., w przypadku wolnych miejsc w wycieczce mog\u0105 wzi\u0105\u0107 udzia\u0142 osoby niezrzeszone.<\/li>\n\n\n\n<li>Z uczestnictwa w wycieczce jednodniowej mo\u017cna zrezygnowa\u0107 w ka\u017cdej chwili. Rezygnacja z uczestnictwa w wycieczce do poniedzia\u0142ku godz. 10.00 w tygodniu poprzedzaj\u0105cym wycieczk\u0119 \/w siedzibie ko\u0142a, drog\u0105 elektroniczn\u0105 &#8211; sms, Messenger\/ skutkuje zwrotem wniesionej przez uczestnika wp\u0142aty.<\/li>\n\n\n\n<li>W przypadku wycieczki wielodniowej zwrot zaliczki jest mo\u017cliwy tylko do daty zako\u0144czenia zapis\u00f3w podanej w og\u0142oszeniu.<\/li>\n\n\n\n<li>Po dniu zako\u0144czenia przyjmowania zapis\u00f3w osobie, kt\u00f3ra zrezygnuje z uczestnictwa w wycieczce nie b\u0119dzie zwracana wniesiona op\u0142ata, chyba \u017ce pojedzie za ni\u0105 inna osoba nieznajduj\u0105ca si\u0119 na li\u015bcie uczestnik\u00f3w.<\/li>\n\n\n\n<li>Za realizacj\u0119 programu wycieczki odpowiedzialna jest osoba wyznaczona przez organizatora (pilot, przewodnik).<\/li>\n\n\n\n<li>Podczas wyjazdu wszystkie problemy nale\u017cy zg\u0142asza\u0107 do osoby prowadz\u0105cej wycieczk\u0119.<\/li>\n\n\n\n<li>Ze wzgl\u0119du na bezpiecze\u0144stwo uczestnik\u00f3w zastrzegamy, \u017ce w przypadku wyst\u0105pienia przyczyn, kt\u00f3rych organizator nie m\u00f3g\u0142 wcze\u015bniej przewidzie\u0107, wycieczka mo\u017ce zosta\u0107 odwo\u0142ana b\u0105d\u017a plan wycieczki mo\u017ce ulec zmianie.<\/li>\n\n\n\n<li>W przypadku gdy wycieczka nie dojdzie do skutku, osobom kt\u00f3re wnios\u0142y op\u0142at\u0119 b\u0119dzie zwracana wp\u0142ata.<\/li>\n\n\n\n<li>Uczestnicy wycieczki zobowi\u0105zani s\u0105 do przestrzegania przepis\u00f3w miejscowych, granicznych, celnych, obowi\u0105zuj\u0105cych w parkach narodowych, krajobrazowych, rezerwatach przyrody oraz porz\u0105dkowych okre\u015blonych przez prowadz\u0105cego wycieczk\u0119.<\/li>\n\n\n\n<li>Osob\u0119, kt\u00f3ra uczestniczy w wycieczce uwa\u017ca si\u0119 za zapoznan\u0105 z niniejszym regulaminem.<\/li>\n<\/ol>\n","protected":false},"excerpt":{"rendered":"<p>Regulamin wycieczek organizowanych przez Ko\u0142o PTTK &#8222;Gronie&#8221; w Radlinie:<\/p>\n","protected":false},"author":1,"featured_media":0,"parent":0,"menu_order":0,"comment_status":"closed","ping_status":"closed","template":"","meta":{"ngg_post_thumbnail":0,"footnotes":""},"class_list":["post-259","page","type-page","status-publish","hentry"],"aioseo_notices":[],"_links":{"self":[{"href":"https:\/\/pttkgronie.radlin.pl\/pttkgronie\/wp-json\/wp\/v2\/pages\/259","targetHints":{"allow":["GET"]}}],"collection":[{"href":"https:\/\/pttkgronie.radlin.pl\/pttkgronie\/wp-json\/wp\/v2\/pages"}],"about":[{"href":"https:\/\/pttkgronie.radlin.pl\/pttkgronie\/wp-json\/wp\/v2\/types\/page"}],"author":[{"embeddable":true,"href":"https:\/\/pttkgronie.radlin.pl\/pttkgronie\/wp-json\/wp\/v2\/users\/1"}],"replies":[{"embeddable":true,"href":"https:\/\/pttkgronie.radlin.pl\/pttkgronie\/wp-json\/wp\/v2\/comments?post=259"}],"version-history":[{"count":20,"href":"https:\/\/pttkgronie.radlin.pl\/pttkgronie\/wp-json\/wp\/v2\/pages\/259\/revisions"}],"predecessor-version":[{"id":18266,"href":"https:\/\/pttkgronie.radlin.pl\/pttkgronie\/wp-json\/wp\/v2\/pages\/259\/revisions\/18266"}],"wp:attachment":[{"href":"https:\/\/pttkgronie.radlin.pl\/pttkgronie\/wp-json\/wp\/v2\/media?parent=259"}],"curies":[{"name":"wp","href":"https:\/\/api.w.org\/{rel}","templated":true}]}}