{"id":2187,"date":"2016-05-21T13:34:11","date_gmt":"2016-05-21T11:34:11","guid":{"rendered":"http:\/\/pttkgronie.radlin.pl\/pttkgronie\/?page_id=2187"},"modified":"2017-12-11T20:06:19","modified_gmt":"2017-12-11T19:06:19","slug":"motyle","status":"publish","type":"page","link":"https:\/\/pttkgronie.radlin.pl\/pttkgronie\/motyle\/","title":{"rendered":"Motyle"},"content":{"rendered":"<div class=\"su-row\">\n<div class=\"su-column su-column-size-1-3\"><div class=\"su-column-inner su-u-clearfix su-u-trim\"><img loading=\"lazy\" decoding=\"async\" src=\"http:\/\/pttkgronie.radlin.pl\/pttkgronie\/wp-content\/uploads\/2016\/04\/zprz.jpg\" alt=\"\" width=\"90\" height=\"90\" class=\"aligncenter size-full wp-image-1700\" \/><\/div><\/div>\n<div class=\"su-column su-column-size-2-3\"><div class=\"su-column-inner su-u-clearfix su-u-trim\"><div class=\"su-heading su-heading-style-default su-heading-align-center\" id=\"\" style=\"font-size:32px;margin-bottom:20px\"><div class=\"su-heading-inner\">Motyle<\/div><\/div><\/div><\/div>\n<\/div>\n<div class=\"su-spacer\" style=\"height:15px\"><\/div>\n\n<table id=\"tablepress-92\" class=\"tablepress tablepress-id-92\">\n<thead>\n<tr class=\"row-1\">\n\t<th class=\"column-1\">Zdj\u0119cie<\/th><th class=\"column-2\">Nazwa<\/th><th class=\"column-3\">Miejsce Spotkania<\/th>\n<\/tr>\n<\/thead>\n<tbody class=\"row-striping row-hover\">\n<tr class=\"row-2\">\n\t<td class=\"column-1\"><a class=\"ngg-fancybox\" rel=\"\" data-image-id=\"668\" data-src=\"http:\/\/pttkgronie.radlin.pl\/pttkgronie\/wp-content\/gallery\/TP---Motyle\/Bielinek_kapustnik.JPG\" data-thumbnail=\"http:\/\/pttkgronie.radlin.pl\/pttkgronie\/wp-content\/gallery\/TP---Motyle\/thumbs\/thumbs_Bielinek_kapustnik.JPG\" data-title=\"Bielinek_kapustnik\" data-description=\" \" href='http:\/\/pttkgronie.radlin.pl\/pttkgronie\/wp-content\/gallery\/TP---Motyle\/Bielinek_kapustnik.JPG' title=' Bielinek kapustnik'><img src='http:\/\/pttkgronie.radlin.pl\/pttkgronie\/wp-content\/gallery\/TP---Motyle\/thumbs\/thumbs_Bielinek_kapustnik.JPG' alt='Bielinek_kapustnik' class='ngg-singlepic ngg-center' \/><\/a><\/td><td class=\"column-2\">Bielinek kapustnik<\/td><td class=\"column-3\">brak danych<\/td>\n<\/tr>\n<tr class=\"row-3\">\n\t<td class=\"column-1\"><a class=\"ngg-fancybox\" rel=\"\" data-image-id=\"671\" data-src=\"http:\/\/pttkgronie.radlin.pl\/pttkgronie\/wp-content\/gallery\/TP---Motyle\/Latolistek_cytrynek-Park_w_Kokoszycach.JPG\" data-thumbnail=\"http:\/\/pttkgronie.radlin.pl\/pttkgronie\/wp-content\/gallery\/TP---Motyle\/thumbs\/thumbs_Latolistek_cytrynek-Park_w_Kokoszycach.JPG\" data-title=\"Latolistek_cytrynek-Park_w_Kokoszycach\" data-description=\" \" href='http:\/\/pttkgronie.radlin.pl\/pttkgronie\/wp-content\/gallery\/TP---Motyle\/Latolistek_cytrynek-Park_w_Kokoszycach.JPG' title=' Latolistek cytrynek'><img src='http:\/\/pttkgronie.radlin.pl\/pttkgronie\/wp-content\/gallery\/TP---Motyle\/thumbs\/thumbs_Latolistek_cytrynek-Park_w_Kokoszycach.JPG' alt='Latolistek_cytrynek-Park_w_Kokoszycach' class='ngg-singlepic ngg-center' \/><\/a><\/td><td class=\"column-2\">Latolistek cytrynek<\/td><td class=\"column-3\">park w Kokoszycach<\/td>\n<\/tr>\n<tr class=\"row-4\">\n\t<td class=\"column-1\"><a class=\"ngg-fancybox\" rel=\"\" data-image-id=\"670\" data-src=\"http:\/\/pttkgronie.radlin.pl\/pttkgronie\/wp-content\/gallery\/TP---Motyle\/Latolistek_cytrynek.JPG\" data-thumbnail=\"http:\/\/pttkgronie.radlin.pl\/pttkgronie\/wp-content\/gallery\/TP---Motyle\/thumbs\/thumbs_Latolistek_cytrynek.JPG\" data-title=\"Latolistek_cytrynek\" data-description=\" \" href='http:\/\/pttkgronie.radlin.pl\/pttkgronie\/wp-content\/gallery\/TP---Motyle\/Latolistek_cytrynek.JPG' title=' Latolistek cytrynek'><img src='http:\/\/pttkgronie.radlin.pl\/pttkgronie\/wp-content\/gallery\/TP---Motyle\/thumbs\/thumbs_Latolistek_cytrynek.JPG' alt='Latolistek_cytrynek' class='ngg-singlepic ngg-center' \/><\/a><\/td><td class=\"column-2\">Latolistek cytrynek<\/td><td class=\"column-3\">brak danych<\/td>\n<\/tr>\n<tr class=\"row-5\">\n\t<td class=\"column-1\"><a class=\"ngg-fancybox\" rel=\"\" data-image-id=\"672\" data-src=\"http:\/\/pttkgronie.radlin.pl\/pttkgronie\/wp-content\/gallery\/TP---Motyle\/Mieniak_T_czowiec-park_w_Rydu_towach.jpg\" data-thumbnail=\"http:\/\/pttkgronie.radlin.pl\/pttkgronie\/wp-content\/gallery\/TP---Motyle\/thumbs\/thumbs_Mieniak_T_czowiec-park_w_Rydu_towach.jpg\" data-title=\"Mieniak_T_czowiec-park_w_Rydu_towach\" data-description=\" \" href='http:\/\/pttkgronie.radlin.pl\/pttkgronie\/wp-content\/gallery\/TP---Motyle\/Mieniak_T_czowiec-park_w_Rydu_towach.jpg' title=' Mieniak T\u0119czowiec'><img src='http:\/\/pttkgronie.radlin.pl\/pttkgronie\/wp-content\/gallery\/TP---Motyle\/thumbs\/thumbs_Mieniak_T_czowiec-park_w_Rydu_towach.jpg' alt='Mieniak_T_czowiec-park_w_Rydu_towach' class='ngg-singlepic ngg-center' \/><\/a><\/td><td class=\"column-2\">Mieniak T\u0119czowiec<\/td><td class=\"column-3\">park w Rydu\u0142towach<\/td>\n<\/tr>\n<tr class=\"row-6\">\n\t<td class=\"column-1\"><a class=\"ngg-fancybox\" rel=\"\" data-image-id=\"673\" data-src=\"http:\/\/pttkgronie.radlin.pl\/pttkgronie\/wp-content\/gallery\/TP---Motyle\/Modrasze_ikar.JPG\" data-thumbnail=\"http:\/\/pttkgronie.radlin.pl\/pttkgronie\/wp-content\/gallery\/TP---Motyle\/thumbs\/thumbs_Modrasze_ikar.JPG\" data-title=\"Modrasze_ikar\" data-description=\" \" href='http:\/\/pttkgronie.radlin.pl\/pttkgronie\/wp-content\/gallery\/TP---Motyle\/Modrasze_ikar.JPG' title=' Modraszek ikar'><img src='http:\/\/pttkgronie.radlin.pl\/pttkgronie\/wp-content\/gallery\/TP---Motyle\/thumbs\/thumbs_Modrasze_ikar.JPG' alt='Modrasze_ikar' class='ngg-singlepic ngg-center' \/><\/a><\/td><td class=\"column-2\">Modraszek ikar<\/td><td class=\"column-3\">brak danych<\/td>\n<\/tr>\n<tr class=\"row-7\">\n\t<td class=\"column-1\"><a class=\"ngg-fancybox\" rel=\"\" data-image-id=\"674\" data-src=\"http:\/\/pttkgronie.radlin.pl\/pttkgronie\/wp-content\/gallery\/TP---Motyle\/Modraszek_ikar2.jpg\" data-thumbnail=\"http:\/\/pttkgronie.radlin.pl\/pttkgronie\/wp-content\/gallery\/TP---Motyle\/thumbs\/thumbs_Modraszek_ikar2.jpg\" data-title=\"Modraszek_ikar2\" data-description=\" \" href='http:\/\/pttkgronie.radlin.pl\/pttkgronie\/wp-content\/gallery\/TP---Motyle\/Modraszek_ikar2.jpg' title=' Modraszek ikar'><img src='http:\/\/pttkgronie.radlin.pl\/pttkgronie\/wp-content\/gallery\/TP---Motyle\/thumbs\/thumbs_Modraszek_ikar2.jpg' alt='Modraszek_ikar2' class='ngg-singlepic ngg-center' \/><\/a><\/td><td class=\"column-2\">Modraszek ikar<\/td><td class=\"column-3\">brak danych<\/td>\n<\/tr>\n<tr class=\"row-8\">\n\t<td class=\"column-1\"><a class=\"ngg-fancybox\" rel=\"\" data-image-id=\"675\" data-src=\"http:\/\/pttkgronie.radlin.pl\/pttkgronie\/wp-content\/gallery\/TP---Motyle\/Osadnik_egeria.JPG\" data-thumbnail=\"http:\/\/pttkgronie.radlin.pl\/pttkgronie\/wp-content\/gallery\/TP---Motyle\/thumbs\/thumbs_Osadnik_egeria.JPG\" data-title=\"Osadnik_egeria\" data-description=\" Osadnik egeria\" href='http:\/\/pttkgronie.radlin.pl\/pttkgronie\/wp-content\/gallery\/TP---Motyle\/Osadnik_egeria.JPG' title=' Osadnik egeria'><img src='http:\/\/pttkgronie.radlin.pl\/pttkgronie\/wp-content\/gallery\/TP---Motyle\/thumbs\/thumbs_Osadnik_egeria.JPG' alt='Osadnik_egeria' class='ngg-singlepic ngg-center' \/><\/a><\/td><td class=\"column-2\">Osadnik egeria<\/td><td class=\"column-3\">brak danych<\/td>\n<\/tr>\n<tr class=\"row-9\">\n\t<td class=\"column-1\"><a class=\"ngg-fancybox\" rel=\"\" data-image-id=\"676\" data-src=\"http:\/\/pttkgronie.radlin.pl\/pttkgronie\/wp-content\/gallery\/TP---Motyle\/Osadnik_egeria2.JPG\" data-thumbnail=\"http:\/\/pttkgronie.radlin.pl\/pttkgronie\/wp-content\/gallery\/TP---Motyle\/thumbs\/thumbs_Osadnik_egeria2.JPG\" data-title=\"Osadnik_egeria2\" data-description=\" \" href='http:\/\/pttkgronie.radlin.pl\/pttkgronie\/wp-content\/gallery\/TP---Motyle\/Osadnik_egeria2.JPG' title=' Osadnik egeria'><img src='http:\/\/pttkgronie.radlin.pl\/pttkgronie\/wp-content\/gallery\/TP---Motyle\/thumbs\/thumbs_Osadnik_egeria2.JPG' alt='Osadnik_egeria2' class='ngg-singlepic ngg-center' \/><\/a><\/td><td class=\"column-2\">Osadnik egeria<\/td><td class=\"column-3\">brak danych<\/td>\n<\/tr>\n<tr class=\"row-10\">\n\t<td class=\"column-1\"><a class=\"ngg-fancybox\" rel=\"\" data-image-id=\"677\" data-src=\"http:\/\/pttkgronie.radlin.pl\/pttkgronie\/wp-content\/gallery\/TP---Motyle\/Przeplatka_atalia_lub_cinksia.JPG\" data-thumbnail=\"http:\/\/pttkgronie.radlin.pl\/pttkgronie\/wp-content\/gallery\/TP---Motyle\/thumbs\/thumbs_Przeplatka_atalia_lub_cinksia.JPG\" data-title=\"Przeplatka_atalia_lub_cinksia\" data-description=\" \" href='http:\/\/pttkgronie.radlin.pl\/pttkgronie\/wp-content\/gallery\/TP---Motyle\/Przeplatka_atalia_lub_cinksia.JPG' title=' Przeplatka atalia lub cinksia'><img src='http:\/\/pttkgronie.radlin.pl\/pttkgronie\/wp-content\/gallery\/TP---Motyle\/thumbs\/thumbs_Przeplatka_atalia_lub_cinksia.JPG' alt='Przeplatka_atalia_lub_cinksia' class='ngg-singlepic ngg-center' \/><\/a><\/td><td class=\"column-2\">Przeplatka atalia lub cinksia<\/td><td class=\"column-3\">brak danych<\/td>\n<\/tr>\n<tr class=\"row-11\">\n\t<td class=\"column-1\"><a class=\"ngg-fancybox\" rel=\"\" data-image-id=\"678\" data-src=\"http:\/\/pttkgronie.radlin.pl\/pttkgronie\/wp-content\/gallery\/TP---Motyle\/Ruczajnik_strz_potek.JPG\" data-thumbnail=\"http:\/\/pttkgronie.radlin.pl\/pttkgronie\/wp-content\/gallery\/TP---Motyle\/thumbs\/thumbs_Ruczajnik_strz_potek.JPG\" data-title=\"Ruczajnik_strz_potek\" data-description=\" \" href='http:\/\/pttkgronie.radlin.pl\/pttkgronie\/wp-content\/gallery\/TP---Motyle\/Ruczajnik_strz_potek.JPG' title=' Ruczajnik strz\u0119potek'><img src='http:\/\/pttkgronie.radlin.pl\/pttkgronie\/wp-content\/gallery\/TP---Motyle\/thumbs\/thumbs_Ruczajnik_strz_potek.JPG' alt='Ruczajnik_strz_potek' class='ngg-singlepic ngg-center' \/><\/a><\/td><td class=\"column-2\">Ruczajnik strz\u0119potek<\/td><td class=\"column-3\">brak danych<\/td>\n<\/tr>\n<tr class=\"row-12\">\n\t<td class=\"column-1\"><a class=\"ngg-fancybox\" rel=\"\" data-image-id=\"680\" data-src=\"http:\/\/pttkgronie.radlin.pl\/pttkgronie\/wp-content\/gallery\/TP---Motyle\/Rusa_ka_admira_.jpg\" data-thumbnail=\"http:\/\/pttkgronie.radlin.pl\/pttkgronie\/wp-content\/gallery\/TP---Motyle\/thumbs\/thumbs_Rusa_ka_admira_.jpg\" data-title=\"Rusa_ka_admira_\" data-description=\" \" href='http:\/\/pttkgronie.radlin.pl\/pttkgronie\/wp-content\/gallery\/TP---Motyle\/Rusa_ka_admira_.jpg' title=' Rusa\u0142ka admira\u0142'><img src='http:\/\/pttkgronie.radlin.pl\/pttkgronie\/wp-content\/gallery\/TP---Motyle\/thumbs\/thumbs_Rusa_ka_admira_.jpg' alt='Rusa_ka_admira_' class='ngg-singlepic ngg-center' \/><\/a><\/td><td class=\"column-2\">Rusa\u0142ka admira\u0142<\/td><td class=\"column-3\">brak danych<\/td>\n<\/tr>\n<tr class=\"row-13\">\n\t<td class=\"column-1\"><a class=\"ngg-fancybox\" rel=\"\" data-image-id=\"681\" data-src=\"http:\/\/pttkgronie.radlin.pl\/pttkgronie\/wp-content\/gallery\/TP---Motyle\/Rusa_ka_pawik.JPG\" data-thumbnail=\"http:\/\/pttkgronie.radlin.pl\/pttkgronie\/wp-content\/gallery\/TP---Motyle\/thumbs\/thumbs_Rusa_ka_pawik.JPG\" data-title=\"Rusa_ka_pawik\" data-description=\" Rusa\u0142ka pawik - g\u0105sienice\" href='http:\/\/pttkgronie.radlin.pl\/pttkgronie\/wp-content\/gallery\/TP---Motyle\/Rusa_ka_pawik.JPG' title=' Rusa\u0142ka pawik'><img src='http:\/\/pttkgronie.radlin.pl\/pttkgronie\/wp-content\/gallery\/TP---Motyle\/thumbs\/thumbs_Rusa_ka_pawik.JPG' alt='Rusa_ka_pawik' class='ngg-singlepic ngg-center' \/><\/a><\/td><td class=\"column-2\">Rusa\u0142ka pawik<\/td><td class=\"column-3\">brak danych<\/td>\n<\/tr>\n<tr class=\"row-14\">\n\t<td class=\"column-1\"><a class=\"ngg-fancybox\" rel=\"\" data-image-id=\"682\" data-src=\"http:\/\/pttkgronie.radlin.pl\/pttkgronie\/wp-content\/gallery\/TP---Motyle\/Rusa_ka_pawik2.JPG\" data-thumbnail=\"http:\/\/pttkgronie.radlin.pl\/pttkgronie\/wp-content\/gallery\/TP---Motyle\/thumbs\/thumbs_Rusa_ka_pawik2.JPG\" data-title=\"Rusa_ka_pawik2\" data-description=\" \" href='http:\/\/pttkgronie.radlin.pl\/pttkgronie\/wp-content\/gallery\/TP---Motyle\/Rusa_ka_pawik2.JPG' title=' Rusa\u0142ka pawik'><img src='http:\/\/pttkgronie.radlin.pl\/pttkgronie\/wp-content\/gallery\/TP---Motyle\/thumbs\/thumbs_Rusa_ka_pawik2.JPG' alt='Rusa_ka_pawik2' class='ngg-singlepic ngg-center' \/><\/a><\/td><td class=\"column-2\">Rusa\u0142ka pawik<\/td><td class=\"column-3\">brak danych<\/td>\n<\/tr>\n<tr class=\"row-15\">\n\t<td class=\"column-1\"><a class=\"ngg-fancybox\" rel=\"\" data-image-id=\"669\" data-src=\"http:\/\/pttkgronie.radlin.pl\/pttkgronie\/wp-content\/gallery\/TP---Motyle\/G_sienice_Rusa_ki_pawik.jpg\" data-thumbnail=\"http:\/\/pttkgronie.radlin.pl\/pttkgronie\/wp-content\/gallery\/TP---Motyle\/thumbs\/thumbs_G_sienice_Rusa_ki_pawik.jpg\" data-title=\"G_sienice_Rusa_ki_pawik\" data-description=\" \" href='http:\/\/pttkgronie.radlin.pl\/pttkgronie\/wp-content\/gallery\/TP---Motyle\/G_sienice_Rusa_ki_pawik.jpg' title=' Rusa\u0142ka pawik - g\u0105sienice'><img src='http:\/\/pttkgronie.radlin.pl\/pttkgronie\/wp-content\/gallery\/TP---Motyle\/thumbs\/thumbs_G_sienice_Rusa_ki_pawik.jpg' alt='G_sienice_Rusa_ki_pawik' class='ngg-singlepic ngg-center' \/><\/a><\/td><td class=\"column-2\"> Rusa\u0142ka pawik - g\u0105sienice<\/td><td class=\"column-3\">brak danych<\/td>\n<\/tr>\n<tr class=\"row-16\">\n\t<td class=\"column-1\"><a class=\"ngg-fancybox\" rel=\"\" data-image-id=\"679\" data-src=\"http:\/\/pttkgronie.radlin.pl\/pttkgronie\/wp-content\/gallery\/TP---Motyle\/Rusa_ka__a_obna-Ukraina_w_druj_c_na_Syniak.JPG\" data-thumbnail=\"http:\/\/pttkgronie.radlin.pl\/pttkgronie\/wp-content\/gallery\/TP---Motyle\/thumbs\/thumbs_Rusa_ka__a_obna-Ukraina_w_druj_c_na_Syniak.JPG\" data-title=\"Rusa_ka__a_obna-Ukraina_w_druj_c_na_Syniak\" data-description=\" \" href='http:\/\/pttkgronie.radlin.pl\/pttkgronie\/wp-content\/gallery\/TP---Motyle\/Rusa_ka__a_obna-Ukraina_w_druj_c_na_Syniak.JPG' title=' Rusa\u0142ka \u017ca\u0142obna'><img src='http:\/\/pttkgronie.radlin.pl\/pttkgronie\/wp-content\/gallery\/TP---Motyle\/thumbs\/thumbs_Rusa_ka__a_obna-Ukraina_w_druj_c_na_Syniak.JPG' alt='Rusa_ka__a_obna-Ukraina_w_druj_c_na_Syniak' class='ngg-singlepic ngg-center' \/><\/a><\/td><td class=\"column-2\">Rusa\u0142ka \u017ca\u0142obna<\/td><td class=\"column-3\">Ukraina, w\u0119druj\u0105c na Syniak<\/td>\n<\/tr>\n<\/tbody>\n<\/table>\n<!-- #tablepress-92 from cache -->\n","protected":false},"excerpt":{"rendered":"","protected":false},"author":1,"featured_media":0,"parent":0,"menu_order":0,"comment_status":"closed","ping_status":"closed","template":"","meta":{"ngg_post_thumbnail":0,"footnotes":""},"class_list":["post-2187","page","type-page","status-publish","hentry"],"aioseo_notices":[],"_links":{"self":[{"href":"https:\/\/pttkgronie.radlin.pl\/pttkgronie\/wp-json\/wp\/v2\/pages\/2187","targetHints":{"allow":["GET"]}}],"collection":[{"href":"https:\/\/pttkgronie.radlin.pl\/pttkgronie\/wp-json\/wp\/v2\/pages"}],"about":[{"href":"https:\/\/pttkgronie.radlin.pl\/pttkgronie\/wp-json\/wp\/v2\/types\/page"}],"author":[{"embeddable":true,"href":"https:\/\/pttkgronie.radlin.pl\/pttkgronie\/wp-json\/wp\/v2\/users\/1"}],"replies":[{"embeddable":true,"href":"https:\/\/pttkgronie.radlin.pl\/pttkgronie\/wp-json\/wp\/v2\/comments?post=2187"}],"version-history":[{"count":2,"href":"https:\/\/pttkgronie.radlin.pl\/pttkgronie\/wp-json\/wp\/v2\/pages\/2187\/revisions"}],"predecessor-version":[{"id":8077,"href":"https:\/\/pttkgronie.radlin.pl\/pttkgronie\/wp-json\/wp\/v2\/pages\/2187\/revisions\/8077"}],"wp:attachment":[{"href":"https:\/\/pttkgronie.radlin.pl\/pttkgronie\/wp-json\/wp\/v2\/media?parent=2187"}],"curies":[{"name":"wp","href":"https:\/\/api.w.org\/{rel}","templated":true}]}}