{"id":18923,"date":"2025-11-10T13:21:31","date_gmt":"2025-11-10T12:21:31","guid":{"rendered":"https:\/\/pttkgronie.radlin.pl\/pttkgronie\/?page_id=18923"},"modified":"2026-04-21T07:16:08","modified_gmt":"2026-04-21T05:16:08","slug":"xiv-edycja-konkursu-najlepszy-turysta-kola-2025-2026","status":"publish","type":"page","link":"https:\/\/pttkgronie.radlin.pl\/pttkgronie\/xiv-edycja-konkursu-najlepszy-turysta-kola-2025-2026\/","title":{"rendered":"XIV edycja konkursu \u201eNajlepszy Turysta Ko\u0142a\u201d \u2013 2025-2026"},"content":{"rendered":"\n<h4 class=\"wp-block-heading has-text-align-center\">XIV edycja konkursu<br>\u201eNajlepszy Turysta Ko\u0142a\u201d \u2013 2025-2026<\/h4>\n\n\n\n<div style=\"height:35px\" aria-hidden=\"true\" class=\"wp-block-spacer\"><\/div>\n\n\n\n<h5 class=\"wp-block-heading has-text-align-center\">Aktualne wyniki (20.04.2026 r.)<\/h5>\n\n\n\n<div style=\"height:15px\" aria-hidden=\"true\" class=\"wp-block-spacer\"><\/div>\n\n\n\n<figure class=\"wp-block-table\"><table class=\"has-background\" style=\"background-color:#f3f4f5\"><thead><tr><th class=\"has-text-align-center\" data-align=\"center\">Miejsce<\/th><th>Nazwisko i Imi\u0119<\/th><th class=\"has-text-align-center\" data-align=\"center\">Wycieczki<\/th><th class=\"has-text-align-center\" data-align=\"center\">Odznaki<\/th><th class=\"has-text-align-center\" data-align=\"center\">Suma pkt<\/th><\/tr><\/thead><tbody><tr><td class=\"has-text-align-center\" data-align=\"center\">2.<\/td><td>Przyby\u0142a Piotr<\/td><td class=\"has-text-align-center\" data-align=\"center\">33<\/td><td class=\"has-text-align-center\" data-align=\"center\"><\/td><td class=\"has-text-align-center\" data-align=\"center\">33<\/td><\/tr><tr><td class=\"has-text-align-center\" data-align=\"center\">2.<\/td><td>Holesz Monika<\/td><td class=\"has-text-align-center\" data-align=\"center\">33<\/td><td class=\"has-text-align-center\" data-align=\"center\"><\/td><td class=\"has-text-align-center\" data-align=\"center\">33<\/td><\/tr><tr><td class=\"has-text-align-center\" data-align=\"center\">6.<\/td><td>Buchalik Damian<\/td><td class=\"has-text-align-center\" data-align=\"center\">24<\/td><td class=\"has-text-align-center\" data-align=\"center\"><\/td><td class=\"has-text-align-center\" data-align=\"center\">24<\/td><\/tr><tr><td class=\"has-text-align-center\" data-align=\"center\">4.<\/td><td>Kokoszka Hyski Monika<\/td><td class=\"has-text-align-center\" data-align=\"center\">27<\/td><td class=\"has-text-align-center\" data-align=\"center\"><\/td><td class=\"has-text-align-center\" data-align=\"center\">27<\/td><\/tr><tr><td class=\"has-text-align-center\" data-align=\"center\">5.<\/td><td><mark style=\"background-color:rgba(0, 0, 0, 0)\" class=\"has-inline-color has-global-color-6-color\">Szustak Brzeziok Renata<\/mark><\/td><td class=\"has-text-align-center\" data-align=\"center\">21<\/td><td class=\"has-text-align-center\" data-align=\"center\">4<\/td><td class=\"has-text-align-center\" data-align=\"center\">25<\/td><\/tr><tr><td class=\"has-text-align-center\" data-align=\"center\">8.<\/td><td>Bednorz Zofia<\/td><td class=\"has-text-align-center\" data-align=\"center\">21<\/td><td class=\"has-text-align-center\" data-align=\"center\"><\/td><td class=\"has-text-align-center\" data-align=\"center\">21<\/td><\/tr><tr><td class=\"has-text-align-center\" data-align=\"center\">6.<\/td><td>Patas Roman<\/td><td class=\"has-text-align-center\" data-align=\"center\">24<\/td><td class=\"has-text-align-center\" data-align=\"center\"><\/td><td class=\"has-text-align-center\" data-align=\"center\">24<\/td><\/tr><tr><td class=\"has-text-align-center\" data-align=\"center\">11.<\/td><td><mark style=\"background-color:rgba(0, 0, 0, 0);color:#cf2e2e\" class=\"has-inline-color\">Cichy Witold<\/mark><\/td><td class=\"has-text-align-center\" data-align=\"center\">12<\/td><td class=\"has-text-align-center\" data-align=\"center\">6<\/td><td class=\"has-text-align-center\" data-align=\"center\">18<\/td><\/tr><tr><td class=\"has-text-align-center\" data-align=\"center\">11.<\/td><td><mark style=\"background-color:rgba(0, 0, 0, 0);color:#cf2e2e\" class=\"has-inline-color\">Kokoszka Andrzej<\/mark><\/td><td class=\"has-text-align-center\" data-align=\"center\">18<\/td><td class=\"has-text-align-center\" data-align=\"center\"><\/td><td class=\"has-text-align-center\" data-align=\"center\">18<\/td><\/tr><tr><td class=\"has-text-align-center\" data-align=\"center\">11.<\/td><td><mark style=\"background-color:rgba(0, 0, 0, 0);color:#cf2e2e\" class=\"has-inline-color\">Kokoszka Jolanta<\/mark><\/td><td class=\"has-text-align-center\" data-align=\"center\">18<\/td><td class=\"has-text-align-center\" data-align=\"center\"><\/td><td class=\"has-text-align-center\" data-align=\"center\">18<\/td><\/tr><tr><td class=\"has-text-align-center\" data-align=\"center\">8.<\/td><td>Bluszcz Danuta<\/td><td class=\"has-text-align-center\" data-align=\"center\">21<\/td><td class=\"has-text-align-center\" data-align=\"center\"><\/td><td class=\"has-text-align-center\" data-align=\"center\">21<\/td><\/tr><tr><td class=\"has-text-align-center\" data-align=\"center\">11.<\/td><td><mark style=\"background-color:rgba(0, 0, 0, 0);color:#cf2e2e\" class=\"has-inline-color\">Grabowska Ma\u0142gorzata<\/mark><\/td><td class=\"has-text-align-center\" data-align=\"center\">18<\/td><td class=\"has-text-align-center\" data-align=\"center\"><\/td><td class=\"has-text-align-center\" data-align=\"center\">18<\/td><\/tr><tr><td class=\"has-text-align-center\" data-align=\"center\">11.<\/td><td><mark style=\"background-color:rgba(0, 0, 0, 0);color:#cf2e2e\" class=\"has-inline-color\">Gomola Adam<\/mark><\/td><td class=\"has-text-align-center\" data-align=\"center\">18<\/td><td class=\"has-text-align-center\" data-align=\"center\"><\/td><td class=\"has-text-align-center\" data-align=\"center\">18<\/td><\/tr><tr><td class=\"has-text-align-center\" data-align=\"center\">8.<\/td><td><mark style=\"background-color:rgba(0, 0, 0, 0);color:#000000\" class=\"has-inline-color\">Misztal Adam<\/mark><\/td><td class=\"has-text-align-center\" data-align=\"center\">21<\/td><td class=\"has-text-align-center\" data-align=\"center\"><\/td><td class=\"has-text-align-center\" data-align=\"center\">21<\/td><\/tr><tr><td class=\"has-text-align-center\" data-align=\"center\">1.<\/td><td><mark style=\"background-color:rgba(0, 0, 0, 0);color:#000000\" class=\"has-inline-color\">Chodzid\u0142o Natalia<\/mark><\/td><td class=\"has-text-align-center\" data-align=\"center\">18<\/td><td class=\"has-text-align-center\" data-align=\"center\">18<\/td><td class=\"has-text-align-center\" data-align=\"center\">36<\/td><\/tr><tr><td class=\"has-text-align-center\" data-align=\"center\"><\/td><td><mark style=\"background-color:rgba(0, 0, 0, 0);color:#cf2e2e\" class=\"has-inline-color\">Fojcik Andrzej<\/mark><\/td><td class=\"has-text-align-center\" data-align=\"center\">18<\/td><td class=\"has-text-align-center\" data-align=\"center\"><\/td><td class=\"has-text-align-center\" data-align=\"center\">18<\/td><\/tr><tr><td class=\"has-text-align-center\" data-align=\"center\"><\/td><td><mark style=\"background-color:rgba(0, 0, 0, 0);color:#cf2e2e\" class=\"has-inline-color\">Groborz Hanna<\/mark><\/td><td class=\"has-text-align-center\" data-align=\"center\">18<\/td><td class=\"has-text-align-center\" data-align=\"center\"><\/td><td class=\"has-text-align-center\" data-align=\"center\">18<\/td><\/tr><tr><td class=\"has-text-align-center\" data-align=\"center\"><\/td><td><mark style=\"background-color:rgba(0, 0, 0, 0);color:#cf2e2e\" class=\"has-inline-color\">Marek Mariola<\/mark><\/td><td class=\"has-text-align-center\" data-align=\"center\">18<\/td><td class=\"has-text-align-center\" data-align=\"center\"><\/td><td class=\"has-text-align-center\" data-align=\"center\">18<\/td><\/tr><tr><td class=\"has-text-align-center\" data-align=\"center\"><\/td><td><mark style=\"background-color:rgba(0, 0, 0, 0);color:#cf2e2e\" class=\"has-inline-color\">Wollny Krystyna<\/mark><\/td><td class=\"has-text-align-center\" data-align=\"center\">18<\/td><td class=\"has-text-align-center\" data-align=\"center\"><\/td><td class=\"has-text-align-center\" data-align=\"center\">18<\/td><\/tr><tr><td class=\"has-text-align-center\" data-align=\"center\"><\/td><td><mark style=\"background-color:rgba(0, 0, 0, 0);color:#cf2e2e\" class=\"has-inline-color\">Sauer Tomasz<\/mark><\/td><td class=\"has-text-align-center\" data-align=\"center\">18<\/td><td class=\"has-text-align-center\" data-align=\"center\"><\/td><td class=\"has-text-align-center\" data-align=\"center\">18<\/td><\/tr><tr><td class=\"has-text-align-center\" data-align=\"center\"><\/td><td><mark style=\"background-color:rgba(0, 0, 0, 0);color:#cf2e2e\" class=\"has-inline-color\">Szczyra Henryk<\/mark><\/td><td class=\"has-text-align-center\" data-align=\"center\">18<\/td><td class=\"has-text-align-center\" data-align=\"center\"><\/td><td class=\"has-text-align-center\" data-align=\"center\">18<\/td><\/tr><\/tbody><\/table><\/figure>\n\n\n\n<div style=\"height:25px\" aria-hidden=\"true\" class=\"wp-block-spacer\"><\/div>\n\n\n\n<h4 class=\"wp-block-heading has-text-align-center\">Regulamin konkursu od (01.10.2024 r.)<\/h4>\n\n\n\n<ol start=\"1\" class=\"wp-block-list\">\n<li>Zarz\u0105d Ko\u0142a PTTK \u201eGronie&#8221; ustala niniejszym regulaminem zasady zdobywania punktacji dla najlepszego turysty.<\/li>\n\n\n\n<li>Udzia\u0142 w konkursie jest dobrowolny.<\/li>\n\n\n\n<li>Punkty mog\u0105 zdobywa\u0107  cz\u0142onkowie Ko\u0142a PTTK \u201eGronie\u201d. <\/li>\n\n\n\n<li>Warunkiem uczestnictwa w konkursie jest udzia\u0142 w co najmniej 3 wycieczkach.<\/li>\n\n\n\n<li>Celem konkursu jest propagowanie turystyki jako aktywnej formy wypoczynku i relaksu.<\/li>\n\n\n\n<li>Zach\u0119canie turysty do uczestnictwa w wi\u0119kszej ilo\u015bci wycieczek organizowanych przez Ko\u0142o PTTK \u201eGronie&#8221;.<\/li>\n\n\n\n<li>Popularyzacja zdobywania odznak turystycznych jako czynnika zach\u0119caj\u0105cego do poznawania kraju i przyrody.<\/li>\n\n\n\n<li>Rywalizacja rozpoczyna si\u0119 od 1 pa\u017adziernika danego roku do 30 wrze\u015bnia nast\u0119pnego roku.<\/li>\n\n\n\n<li>Wyr\u00f3\u017cnienie zwyci\u0119zc\u00f3w nast\u0105pi podczas imprezy: \u201eZako\u0144czenie sezonu\u201d.<\/li>\n\n\n\n<li>Udzia\u0142 w rywalizacji mo\u017ce bra\u0107 ka\u017cdy turysta pe\u0142noletni oraz dzieci pod opiek\u0105 doros\u0142ych.<\/li>\n\n\n\n<li>Ostateczna interpretacja regulaminu nale\u017cy do Zarz\u0105du Ko\u0142a.<\/li>\n\n\n\n<li>Punktacj\u0119 prowadzi Zarz\u0105d Ko\u0142a PTTK \u201eGronie\u201d.<\/li>\n\n\n\n<li>Aktualna lista \u201eNajlepszych\u201d b\u0119dzie publikowana na stronie internetowej Ko\u0142a.<\/li>\n\n\n\n<li>Udzia\u0142 w konkursie jest r\u00f3wnoznaczny z wyra\u017ceniem przez osoby uczestnicz\u0105ce zgody na przetwarzanie przez organizatora ich danych osobowych na potrzeby konkursu &#8211; zgodnie z Rozporz\u0105dzeniem Parlamentu Europejskiego i Rady (UE) 2016\/679 z dnia 27 kwietnia 2016 r. w sprawie ochrony os\u00f3b fizycznych w zwi\u0105zku z przetwarzaniem danych osobowych i w sprawie swobodnego przep\u0142ywu takich danych oraz uchylenia dyrektywy 95\/46\/WE (og\u00f3lne rozporz\u0105dzenie o ochronie danych).<\/li>\n\n\n\n<li>Nagrod\u0105 za zwyci\u0119stwo w konkursie jest rabat w wysoko\u015bci <strong>10 z\u0142otych <\/strong>miejsca 1-3 , oraz <strong>5 z\u0142otych<\/strong> miejsca 4-10 od <strong>01.06.2026r<\/strong>. do dnia <strong>30.09.2026 r<\/strong>.<\/li>\n\n\n\n<li> Rabat przys\u0142uguje na wycieczki jednodniowe organizowane przez Ko\u0142o PTTK &#8222;Gronie&#8221;.<\/li>\n\n\n\n<li>Punktacja:\n<ul class=\"wp-block-list\">\n<li>za zdobycie odznaki turystycznej 2 pkt,<\/li>\n\n\n\n<li>za udzia\u0142 w wycieczce organizowanej przez Ko\u0142o PTTK \u201eGronie&#8221; 3 pkt,<\/li>\n\n\n\n<li>za uzyskanie uprawnie\u0144 kadry programowej PTTK (instruktor, przodownik) 5 pkt, za powi\u0119kszenie uprawnie\u0144 3 pkt.<\/li>\n\n\n\n<li>za udzia\u0142 w wycieczce wielodniowej 6 pkt,<\/li>\n\n\n\n<li>za udzia\u0142 w najwi\u0119kszej liczbie wycieczek (po zako\u0144czeniu sezonu) 10 pkt.     7 pkt. 5 pkt<\/li>\n<\/ul>\n<\/li>\n<\/ol>\n\n\n\n<p><\/p>\n","protected":false},"excerpt":{"rendered":"<p>XIV edycja konkursu\u201eNajlepszy Turysta Ko\u0142a\u201d \u2013 2025-2026 Aktualne wyniki (20.04.2026 r.) Miejsce Nazwisko i Imi\u0119 Wycieczki Odznaki Suma pkt 2. Przyby\u0142a Piotr 33 33 2. Holesz Monika 33 33 6. Buchalik Damian 24 24 4. Kokoszka Hyski Monika 27 27 5. Szustak Brzeziok Renata 21 4 25 8. Bednorz Zofia 21 21 6. Patas Roman [&hellip;]<\/p>\n","protected":false},"author":1,"featured_media":0,"parent":0,"menu_order":0,"comment_status":"closed","ping_status":"closed","template":"","meta":{"ngg_post_thumbnail":0,"footnotes":""},"class_list":["post-18923","page","type-page","status-publish","hentry"],"aioseo_notices":[],"_links":{"self":[{"href":"https:\/\/pttkgronie.radlin.pl\/pttkgronie\/wp-json\/wp\/v2\/pages\/18923","targetHints":{"allow":["GET"]}}],"collection":[{"href":"https:\/\/pttkgronie.radlin.pl\/pttkgronie\/wp-json\/wp\/v2\/pages"}],"about":[{"href":"https:\/\/pttkgronie.radlin.pl\/pttkgronie\/wp-json\/wp\/v2\/types\/page"}],"author":[{"embeddable":true,"href":"https:\/\/pttkgronie.radlin.pl\/pttkgronie\/wp-json\/wp\/v2\/users\/1"}],"replies":[{"embeddable":true,"href":"https:\/\/pttkgronie.radlin.pl\/pttkgronie\/wp-json\/wp\/v2\/comments?post=18923"}],"version-history":[{"count":15,"href":"https:\/\/pttkgronie.radlin.pl\/pttkgronie\/wp-json\/wp\/v2\/pages\/18923\/revisions"}],"predecessor-version":[{"id":19789,"href":"https:\/\/pttkgronie.radlin.pl\/pttkgronie\/wp-json\/wp\/v2\/pages\/18923\/revisions\/19789"}],"wp:attachment":[{"href":"https:\/\/pttkgronie.radlin.pl\/pttkgronie\/wp-json\/wp\/v2\/media?parent=18923"}],"curies":[{"name":"wp","href":"https:\/\/api.w.org\/{rel}","templated":true}]}}