{"id":1614,"date":"2016-04-27T20:13:11","date_gmt":"2016-04-27T18:13:11","guid":{"rendered":"http:\/\/pttkgronie.radlin.pl\/pttkgronie\/?page_id=1614"},"modified":"2018-03-07T18:57:20","modified_gmt":"2018-03-07T17:57:20","slug":"odznaka-krajoznawcza","status":"publish","type":"page","link":"https:\/\/pttkgronie.radlin.pl\/pttkgronie\/odznaka-krajoznawcza\/","title":{"rendered":"Odznaka Krajoznawcza"},"content":{"rendered":"<div class=\"su-row\">\n<div class=\"su-column su-column-size-1-3\"><div class=\"su-column-inner su-u-clearfix su-u-trim\"><img loading=\"lazy\" decoding=\"async\" src=\"http:\/\/pttkgronie.radlin.pl\/pttkgronie\/wp-content\/uploads\/2016\/04\/zlzsokp.gif\" alt=\"\" width=\"95\" height=\"110\" class=\"aligncenter size-full wp-image-1620\" \/><\/div><\/div>\n<div class=\"su-column su-column-size-2-3\"><div class=\"su-column-inner su-u-clearfix su-u-trim\"><div class=\"su-heading su-heading-style-default su-heading-align-center\" id=\"\" style=\"font-size:32px;margin-bottom:20px\"><div class=\"su-heading-inner\">Odznaka Krajoznawcza<\/div><\/div><\/div><\/div>\n<\/div>\n<div class=\"su-spacer\" style=\"height:15px\"><\/div>\n<p style=\"text-align: justify;\"><strong>ODZNAKA KRAJOZNAWCZA<\/strong> &#8211; odznaka, kt\u00f3rej celem jest popularyzacja walor\u00f3w krajoznawczych Polski i zach\u0119canie do ich systematycznego poznawania. Mo\u017cna j\u0105 zdobywa\u0107 po uko\u0144czeniu 7-go roku \u017cycia.<\/p>\n<div class=\"su-spacer\" style=\"height:15px\"><\/div>\n<p style=\"text-align: justify;\">Wyr\u00f3\u017cniamy:<\/p>\n<div class=\"su-list\" style=\"margin-left:0px\"><div class=\"su-spacer\" style=\"height:5px\"><\/div>\n<ul>\n<li><i class=\"sui sui-star-o\" style=\"color:#333\"><\/i> Regionaln\u0105 Odznak\u0119 Krajoznawcza (ROK) &#8211; posiada dwa stopnie: br\u0105zowy i srebrny,<\/li>\n<li><i class=\"sui sui-star-o\" style=\"color:#333\"><\/i> Odznak\u0119 Krajoznawcz\u0105 Polski (OKP) &#8211; posiada cztery stopnie: br\u0105zowy, srebrny, z\u0142oty oraz z\u0142oty z szafirem.<\/li>\n<div class=\"su-spacer\" style=\"height:25px\"><\/div>\n<li><i class=\"sui sui-star-o\" style=\"color:#333\"><\/i> ROK zdobywamy zwiedzaj\u0105c odpowiednia liczb\u0119 dowolnie wybranych przez siebie obiekt\u00f3w krajoznawczych spo\u015br\u00f3d; zabytk\u00f3w architektury, muze\u00f3w, miejsc pami\u0119ci narodowej, rezerwat\u00f3w przyrody, park\u00f3w narodowych lub krajobrazowych. Stopie\u0144 br\u0105zowy tej odznaki zdobywa si\u0119 zwiedzaj\u0105c ww. obiekty krajoznawcze w miejscu zamieszkania oraz najbli\u017cszej okolicy (do 40 km), a stopie\u0144 srebrny &#8211; w wojew\u00f3dztwie zwi\u0105zanym z miejscem zamieszkania,<\/li>\n<li><i class=\"sui sui-star-o\" style=\"color:#333\"><\/i> OKP zdobywamy zwiedzaj\u0105c najciekawsze miasta w kraju, parki narodowe oraz odpowiedni\u0105 liczb\u0119 obiekt\u00f3w krajoznawczych spo\u015br\u00f3d ponad 400 najbardziej charakterystycznych w Polsce, wymienionych w Kanonie Krajoznawczym Polski stanowi\u0105cym cz\u0119\u015b\u0107 regulaminu.<\/li>\n<div class=\"su-spacer\" style=\"height:25px\"><\/div>\n<li><i class=\"sui sui-star-o\" style=\"color:#333\"><\/i> <a href=\"http:\/\/kkraj.pttk.pl\/index.php?co=odznaki\" target=\"_blank\"><strong>Strona Komisji Krajoznawczej Zarz\u0105du G\u0142\u00f3wnego PTTK + regulamin<\/strong><\/a><\/li>\n<\/ul>\n<\/div>\n<div class=\"su-spacer\" style=\"height:25px\"><\/div>\n<div class=\"su-heading su-heading-style-default su-heading-align-center\" id=\"\" style=\"font-size:25px;margin-bottom:20px\"><div class=\"su-heading-inner\">Lista zdobywc\u00f3w odznaki<\/div><\/div>\n<div class=\"su-spacer\" style=\"height:15px\"><\/div>\n<div class=\"su-row\">\n<div class=\"su-column su-column-size-1-3 su-column-centered\"><div class=\"su-column-inner su-u-clearfix su-u-trim\"><\/div><\/div>\n<div class=\"su-spacer\" style=\"height:25px\"><\/div>\n<div class=\"su-column su-column-size-2-3 su-column-centered\"><div class=\"su-column-inner su-u-clearfix su-u-trim\"><div class=\"su-heading su-heading-style-default su-heading-align-center\" id=\"\" style=\"font-size:25px;margin-bottom:20px\"><div class=\"su-heading-inner\"><img loading=\"lazy\" decoding=\"async\" src=\"http:\/\/pttkgronie.radlin.pl\/pttkgronie\/wp-content\/uploads\/2016\/04\/srrok.gif\" alt=\"\" width=\"90\" height=\"110\" class=\"aligncenter size-full wp-image-1618\" \/>ROK srebrna<\/div><\/div><\/div><\/div>\n<\/div>\n<div class=\"su-spacer\" style=\"height:15px\"><\/div>\n\n<table id=\"tablepress-62\" class=\"tablepress tablepress-id-62\">\n<thead>\n<tr class=\"row-1\">\n\t<th class=\"column-1\">Lp.<\/th><th class=\"column-2\">Dane zdobywcy<\/th><th class=\"column-3\">Nr weryfikacyjny<\/th>\n<\/tr>\n<\/thead>\n<tbody class=\"row-striping row-hover\">\n<tr class=\"row-2\">\n\t<td class=\"column-1\">1.<\/td><td class=\"column-2\">Marszolik Aneta<\/td><td class=\"column-3\">1\/13\/XLCII<\/td>\n<\/tr>\n<tr class=\"row-3\">\n\t<td class=\"column-1\">2.<\/td><td class=\"column-2\">Marszolik Henryk<\/td><td class=\"column-3\">2\/13\/XLCII<\/td>\n<\/tr>\n<tr class=\"row-4\">\n\t<td class=\"column-1\">3.<\/td><td class=\"column-2\">Szato\u0144 Teresa<\/td><td class=\"column-3\">2\/15\/ LXXI (27.10.2015)<\/td>\n<\/tr>\n<tr class=\"row-5\">\n\t<td class=\"column-1\">4.<\/td><td class=\"column-2\">Stabla Agata<\/td><td class=\"column-3\">1\/16\/LXXI<\/td>\n<\/tr>\n<\/tbody>\n<\/table>\n<!-- #tablepress-62 from cache -->\n<div class=\"su-spacer\" style=\"height:15px\"><\/div>\n<div class=\"su-row\">\n<div class=\"su-column su-column-size-1-3 su-column-centered\"><div class=\"su-column-inner su-u-clearfix su-u-trim\"><\/div><\/div>\n<div class=\"su-spacer\" style=\"height:25px\"><\/div>\n<div class=\"su-column su-column-size-2-3 su-column-centered\"><div class=\"su-column-inner su-u-clearfix su-u-trim\"><div class=\"su-heading su-heading-style-default su-heading-align-center\" id=\"\" style=\"font-size:25px;margin-bottom:20px\"><div class=\"su-heading-inner\"><img loading=\"lazy\" decoding=\"async\" src=\"http:\/\/pttkgronie.radlin.pl\/pttkgronie\/wp-content\/uploads\/2016\/04\/brokp.gif\" alt=\"\" width=\"95\" height=\"110\" class=\"aligncenter size-full wp-image-1615\" \/>ROK br\u0105zowa<\/div><\/div><\/div><\/div>\n<\/div>\n<div class=\"su-spacer\" style=\"height:15px\"><\/div>\n\n<table id=\"tablepress-64\" class=\"tablepress tablepress-id-64\">\n<thead>\n<tr class=\"row-1\">\n\t<th class=\"column-1\">Lp.<\/th><th class=\"column-2\">Dane zdobywcy<\/th><th class=\"column-3\">Nr weryfikacyjny<\/th>\n<\/tr>\n<\/thead>\n<tbody class=\"row-striping row-hover\">\n<tr class=\"row-2\">\n\t<td class=\"column-1\">1.<\/td><td class=\"column-2\">Marszolik Aneta<\/td><td class=\"column-3\">1\/12\/XLCII<\/td>\n<\/tr>\n<tr class=\"row-3\">\n\t<td class=\"column-1\">2.<\/td><td class=\"column-2\">Marszolik Henryk<\/td><td class=\"column-3\">2\/12\/XLCII<\/td>\n<\/tr>\n<tr class=\"row-4\">\n\t<td class=\"column-1\">3.<\/td><td class=\"column-2\">Zi\u0119tek Irena<\/td><td class=\"column-3\">13\/XLCII<\/td>\n<\/tr>\n<tr class=\"row-5\">\n\t<td class=\"column-1\">4.<\/td><td class=\"column-2\">Stabla Agata<\/td><td class=\"column-3\">2\/15\/LXXI<\/td>\n<\/tr>\n<tr class=\"row-6\">\n\t<td class=\"column-1\">5.<\/td><td class=\"column-2\">Szato\u0144 Teresa<\/td><td class=\"column-3\">3\/15\/ LXXI (27.10.2015)<\/td>\n<\/tr>\n<tr class=\"row-7\">\n\t<td class=\"column-1\">6.<\/td><td class=\"column-2\">Gorzolnik Jerzy<\/td><td class=\"column-3\">1\/19\/LXXI\/Br<\/td>\n<\/tr>\n<tr class=\"row-8\">\n\t<td class=\"column-1\">7.<\/td><td class=\"column-2\">Lach Danuta<\/td><td class=\"column-3\">2\/LXXI\/ROK\/BR<\/td>\n<\/tr>\n<tr class=\"row-9\">\n\t<td class=\"column-1\">8.<\/td><td class=\"column-2\">Ciota Beata<\/td><td class=\"column-3\">4\/LXXI\/ROK\/BR<\/td>\n<\/tr>\n<tr class=\"row-10\">\n\t<td class=\"column-1\">9.<\/td><td class=\"column-2\">Buchalik Damian<\/td><td class=\"column-3\">6\/LXXI\/2020<\/td>\n<\/tr>\n<\/tbody>\n<\/table>\n<!-- #tablepress-64 from cache -->\n<div class=\"su-spacer\" style=\"height:15px\"><\/div>\n<div class=\"su-row\">\n<div class=\"su-column su-column-size-1-3 su-column-centered\"><div class=\"su-column-inner su-u-clearfix su-u-trim\"><\/div><\/div>\n<div class=\"su-spacer\" style=\"height:25px\"><\/div>\n<div class=\"su-column su-column-size-2-3 su-column-centered\"><div class=\"su-column-inner su-u-clearfix su-u-trim\"><div class=\"su-heading su-heading-style-default su-heading-align-center\" id=\"\" style=\"font-size:25px;margin-bottom:20px\"><div class=\"su-heading-inner\"><img loading=\"lazy\" decoding=\"async\" src=\"http:\/\/pttkgronie.radlin.pl\/pttkgronie\/wp-content\/uploads\/2016\/04\/zlzsokp.gif\" alt=\"\" width=\"95\" height=\"110\" class=\"aligncenter size-full wp-image-1620\" \/>OKP z\u0142ota z szafirem<\/div><\/div><\/div><\/div>\n<\/div>\n<div class=\"su-spacer\" style=\"height:15px\"><\/div>\n\n<table id=\"tablepress-68\" class=\"tablepress tablepress-id-68\">\n<thead>\n<tr class=\"row-1\">\n\t<th class=\"column-1\">Lp.<\/th><th class=\"column-2\">Dane zdobywcy<\/th><th class=\"column-3\">Nr weryfikacyjny<\/th>\n<\/tr>\n<\/thead>\n<tbody class=\"row-striping row-hover\">\n<tr class=\"row-2\">\n\t<td class=\"column-1\">1.<\/td><td class=\"column-2\">- - -<\/td><td class=\"column-3\">- - -<\/td>\n<\/tr>\n<\/tbody>\n<\/table>\n<!-- #tablepress-68 from cache -->\n<div class=\"su-spacer\" style=\"height:15px\"><\/div>\n<div class=\"su-row\">\n<div class=\"su-column su-column-size-1-3 su-column-centered\"><div class=\"su-column-inner su-u-clearfix su-u-trim\"><\/div><\/div>\n<div class=\"su-spacer\" style=\"height:25px\"><\/div>\n<div class=\"su-column su-column-size-2-3 su-column-centered\"><div class=\"su-column-inner su-u-clearfix su-u-trim\"><div class=\"su-heading su-heading-style-default su-heading-align-center\" id=\"\" style=\"font-size:25px;margin-bottom:20px\"><div class=\"su-heading-inner\"><img loading=\"lazy\" decoding=\"async\" src=\"http:\/\/pttkgronie.radlin.pl\/pttkgronie\/wp-content\/uploads\/2016\/04\/zlokp.gif\" alt=\"\" width=\"95\" height=\"110\" class=\"aligncenter size-full wp-image-1619\" \/>OKP z\u0142ota<\/div><\/div><\/div><\/div>\n<\/div>\n<div class=\"su-spacer\" style=\"height:15px\"><\/div>\n\n<table id=\"tablepress-67\" class=\"tablepress tablepress-id-67\">\n<thead>\n<tr class=\"row-1\">\n\t<th class=\"column-1\">Lp.<\/th><th class=\"column-2\">Dane zdobywcy<\/th><th class=\"column-3\">Nr weryfikacyjny<\/th>\n<\/tr>\n<\/thead>\n<tbody class=\"row-striping row-hover\">\n<tr class=\"row-2\">\n\t<td class=\"column-1\">1.<\/td><td class=\"column-2\">Marszolik Henryk<\/td><td class=\"column-3\">02\/25\/CI<\/td>\n<\/tr>\n<\/tbody>\n<\/table>\n<!-- #tablepress-67 from cache -->\n<div class=\"su-spacer\" style=\"height:15px\"><\/div>\n<div class=\"su-row\">\n<div class=\"su-column su-column-size-1-3 su-column-centered\"><div class=\"su-column-inner su-u-clearfix su-u-trim\"><\/div><\/div>\n<div class=\"su-spacer\" style=\"height:25px\"><\/div>\n<div class=\"su-column su-column-size-2-3 su-column-centered\"><div class=\"su-column-inner su-u-clearfix su-u-trim\"><div class=\"su-heading su-heading-style-default su-heading-align-center\" id=\"\" style=\"font-size:25px;margin-bottom:20px\"><div class=\"su-heading-inner\"><img loading=\"lazy\" decoding=\"async\" src=\"http:\/\/pttkgronie.radlin.pl\/pttkgronie\/wp-content\/uploads\/2016\/04\/srokp.gif\" alt=\"\" width=\"95\" height=\"110\" class=\"aligncenter size-full wp-image-1617\" \/>OKP srebrna<\/div><\/div><\/div><\/div>\n<\/div>\n<div class=\"su-spacer\" style=\"height:15px\"><\/div>\n\n<table id=\"tablepress-66\" class=\"tablepress tablepress-id-66\">\n<thead>\n<tr class=\"row-1\">\n\t<th class=\"column-1\">Lp.<\/th><th class=\"column-2\">Dane zdobywcy<\/th><th class=\"column-3\">Nr weryfikacyjny<\/th>\n<\/tr>\n<\/thead>\n<tbody class=\"row-striping row-hover\">\n<tr class=\"row-2\">\n\t<td class=\"column-1\">1.<\/td><td class=\"column-2\">Kowalski Piotr<\/td><td class=\"column-3\">1\/14\/LXXI<\/td>\n<\/tr>\n<tr class=\"row-3\">\n\t<td class=\"column-1\">2.<\/td><td class=\"column-2\">Marszolik Henryk<\/td><td class=\"column-3\">26\/03\/17\/CI<\/td>\n<\/tr>\n<tr class=\"row-4\">\n\t<td class=\"column-1\">3.<\/td><td class=\"column-2\">Szato\u0144 Teresa<\/td><td class=\"column-3\">55\/01\/24\/CI<\/td>\n<\/tr>\n<\/tbody>\n<\/table>\n<!-- #tablepress-66 from cache -->\n<div class=\"su-spacer\" style=\"height:15px\"><\/div>\n<div class=\"su-row\">\n<div class=\"su-column su-column-size-1-3 su-column-centered\"><div class=\"su-column-inner su-u-clearfix su-u-trim\"><\/div><\/div>\n<div class=\"su-spacer\" style=\"height:25px\"><\/div>\n<div class=\"su-column su-column-size-2-3 su-column-centered\"><div class=\"su-column-inner su-u-clearfix su-u-trim\"><div class=\"su-heading su-heading-style-default su-heading-align-center\" id=\"\" style=\"font-size:25px;margin-bottom:20px\"><div class=\"su-heading-inner\"><img loading=\"lazy\" decoding=\"async\" src=\"http:\/\/pttkgronie.radlin.pl\/pttkgronie\/wp-content\/uploads\/2016\/04\/brokp.gif\" alt=\"\" width=\"95\" height=\"110\" class=\"aligncenter size-full wp-image-1615\" \/>OKP br\u0105zowa<\/div><\/div><\/div><\/div>\n<\/div>\n<div class=\"su-spacer\" style=\"height:15px\"><\/div>\n\n<table id=\"tablepress-65\" class=\"tablepress tablepress-id-65\">\n<thead>\n<tr class=\"row-1\">\n\t<th class=\"column-1\">Lp.<\/th><th class=\"column-2\">Dane zdobywcy<\/th><th class=\"column-3\">Nr weryfikacyjny<\/th>\n<\/tr>\n<\/thead>\n<tbody class=\"row-striping row-hover\">\n<tr class=\"row-2\">\n\t<td class=\"column-1\">1.<\/td><td class=\"column-2\">Marszolik Henryk<\/td><td class=\"column-3\">28\/08\/15\/CI<\/td>\n<\/tr>\n<tr class=\"row-3\">\n\t<td class=\"column-1\">2.<\/td><td class=\"column-2\">Szato\u0144 Teresa<\/td><td class=\"column-3\">49\/12\/17\/CI (07.12.2017)<\/td>\n<\/tr>\n<tr class=\"row-4\">\n\t<td class=\"column-1\">3.<\/td><td class=\"column-2\">Kowalski Piotr<\/td><td class=\"column-3\">2\/13\/LXXI<\/td>\n<\/tr>\n<\/tbody>\n<\/table>\n<!-- #tablepress-65 from cache -->\n","protected":false},"excerpt":{"rendered":"<p>ODZNAKA KRAJOZNAWCZA &#8211; odznaka, kt\u00f3rej celem jest popularyzacja walor\u00f3w krajoznawczych Polski i zach\u0119canie do ich systematycznego poznawania. Mo\u017cna j\u0105 zdobywa\u0107 po uko\u0144czeniu 7-go roku \u017cycia. Wyr\u00f3\u017cniamy:<\/p>\n","protected":false},"author":1,"featured_media":0,"parent":0,"menu_order":0,"comment_status":"closed","ping_status":"closed","template":"","meta":{"ngg_post_thumbnail":0,"footnotes":""},"class_list":["post-1614","page","type-page","status-publish","hentry"],"aioseo_notices":[],"_links":{"self":[{"href":"https:\/\/pttkgronie.radlin.pl\/pttkgronie\/wp-json\/wp\/v2\/pages\/1614","targetHints":{"allow":["GET"]}}],"collection":[{"href":"https:\/\/pttkgronie.radlin.pl\/pttkgronie\/wp-json\/wp\/v2\/pages"}],"about":[{"href":"https:\/\/pttkgronie.radlin.pl\/pttkgronie\/wp-json\/wp\/v2\/types\/page"}],"author":[{"embeddable":true,"href":"https:\/\/pttkgronie.radlin.pl\/pttkgronie\/wp-json\/wp\/v2\/users\/1"}],"replies":[{"embeddable":true,"href":"https:\/\/pttkgronie.radlin.pl\/pttkgronie\/wp-json\/wp\/v2\/comments?post=1614"}],"version-history":[{"count":6,"href":"https:\/\/pttkgronie.radlin.pl\/pttkgronie\/wp-json\/wp\/v2\/pages\/1614\/revisions"}],"predecessor-version":[{"id":8706,"href":"https:\/\/pttkgronie.radlin.pl\/pttkgronie\/wp-json\/wp\/v2\/pages\/1614\/revisions\/8706"}],"wp:attachment":[{"href":"https:\/\/pttkgronie.radlin.pl\/pttkgronie\/wp-json\/wp\/v2\/media?parent=1614"}],"curies":[{"name":"wp","href":"https:\/\/api.w.org\/{rel}","templated":true}]}}