{"id":15546,"date":"2022-10-23T13:32:12","date_gmt":"2022-10-23T11:32:12","guid":{"rendered":"https:\/\/pttkgronie.radlin.pl\/pttkgronie\/?page_id=15546"},"modified":"2022-10-23T14:26:40","modified_gmt":"2022-10-23T12:26:40","slug":"ix-edycja-konkursu-najlepszy-turysta-kola-2020-2021","status":"publish","type":"page","link":"https:\/\/pttkgronie.radlin.pl\/pttkgronie\/ix-edycja-konkursu-najlepszy-turysta-kola-2020-2021\/","title":{"rendered":"IX edycja konkursu \u201eNajlepszy Turysta Ko\u0142a\u201d \u2013 2020-2021"},"content":{"rendered":"\n<h4 class=\"has-text-align-center wp-block-heading\">IX edycja konkursu<br>\u201eNajlepszy Turysta Ko\u0142a\u201d \u2013 2020-2021<\/h4>\n\n\n\n<div style=\"height:35px\" aria-hidden=\"true\" class=\"wp-block-spacer\"><\/div>\n\n\n\n<h5 class=\"has-text-align-center wp-block-heading\">Aktualne wyniki (30.09.2021 r.)<\/h5>\n\n\n\n<div style=\"height:15px\" aria-hidden=\"true\" class=\"wp-block-spacer\"><\/div>\n\n\n\n<figure class=\"wp-block-table\"><table class=\"has-background\" style=\"background-color:#f3f4f5\"><thead><tr><th class=\"has-text-align-center\" data-align=\"center\">Miejsce<\/th><th>Nazwisko i Imi\u0119<\/th><th class=\"has-text-align-center\" data-align=\"center\">Wycieczki<\/th><th class=\"has-text-align-center\" data-align=\"center\">Odznaki<\/th><th class=\"has-text-align-center\" data-align=\"center\">Suma pkt<\/th><\/tr><\/thead><tbody><tr><td class=\"has-text-align-center\" data-align=\"center\">1.<\/td><td><strong>Czy\u017cyk Marek<\/strong><\/td><td class=\"has-text-align-center\" data-align=\"center\">45<\/td><td class=\"has-text-align-center\" data-align=\"center\">52<\/td><td class=\"has-text-align-center\" data-align=\"center\">97<\/td><\/tr><tr><td class=\"has-text-align-center\" data-align=\"center\">2.<\/td><td><strong>Bluszcz Danuta<\/strong><\/td><td class=\"has-text-align-center\" data-align=\"center\">67+6<\/td><td class=\"has-text-align-center\" data-align=\"center\">6<\/td><td class=\"has-text-align-center\" data-align=\"center\">79<\/td><\/tr><tr><td class=\"has-text-align-center\" data-align=\"center\">3.<\/td><td><strong>Lach Danuta<\/strong><\/td><td class=\"has-text-align-center\" data-align=\"center\">59<\/td><td class=\"has-text-align-center\" data-align=\"center\">8<\/td><td class=\"has-text-align-center\" data-align=\"center\">67<\/td><\/tr><tr><td class=\"has-text-align-center\" data-align=\"center\">4.<\/td><td><strong>Buchalik Damian<\/strong><\/td><td class=\"has-text-align-center\" data-align=\"center\">57<\/td><td class=\"has-text-align-center\" data-align=\"center\"><\/td><td class=\"has-text-align-center\" data-align=\"center\">57<\/td><\/tr><tr><td class=\"has-text-align-center\" data-align=\"center\">5.<\/td><td><strong>Ciota Beata<\/strong><\/td><td class=\"has-text-align-center\" data-align=\"center\">44<\/td><td class=\"has-text-align-center\" data-align=\"center\">12<\/td><td class=\"has-text-align-center\" data-align=\"center\">56<\/td><\/tr><tr><td class=\"has-text-align-center\" data-align=\"center\">6.<\/td><td><strong>Bednorz Zofia<\/strong><\/td><td class=\"has-text-align-center\" data-align=\"center\">53<\/td><td class=\"has-text-align-center\" data-align=\"center\">2<\/td><td class=\"has-text-align-center\" data-align=\"center\">55<\/td><\/tr><tr><td class=\"has-text-align-center\" data-align=\"center\">6.<\/td><td><strong>Bia\u0142as Gra\u017cyna<\/strong><\/td><td class=\"has-text-align-center\" data-align=\"center\">53<\/td><td class=\"has-text-align-center\" data-align=\"center\">2<\/td><td class=\"has-text-align-center\" data-align=\"center\">55<\/td><\/tr><tr><td class=\"has-text-align-center\" data-align=\"center\">8.<\/td><td><strong>Huda Kazimierz<\/strong><\/td><td class=\"has-text-align-center\" data-align=\"center\">30<\/td><td class=\"has-text-align-center\" data-align=\"center\">6<\/td><td class=\"has-text-align-center\" data-align=\"center\">36<\/td><\/tr><tr><td class=\"has-text-align-center\" data-align=\"center\">9.<\/td><td><strong>Pochcio\u0142 Bogdan<\/strong><\/td><td class=\"has-text-align-center\" data-align=\"center\">34<\/td><td class=\"has-text-align-center\" data-align=\"center\"><\/td><td class=\"has-text-align-center\" data-align=\"center\">34<\/td><\/tr><tr><td class=\"has-text-align-center\" data-align=\"center\">9.<\/td><td><mark style=\"background-color:rgba(0, 0, 0, 0)\" class=\"has-inline-color has-vivid-green-cyan-color\"><strong> <\/strong><\/mark><strong>Pochcio\u0142 Lidia<\/strong><\/td><td class=\"has-text-align-center\" data-align=\"center\">34<\/td><td class=\"has-text-align-center\" data-align=\"center\"><\/td><td class=\"has-text-align-center\" data-align=\"center\">34<\/td><\/tr><tr><td class=\"has-text-align-center\" data-align=\"center\">9.<\/td><td><strong>Woda Katarzyna<\/strong><\/td><td class=\"has-text-align-center\" data-align=\"center\">34<\/td><td class=\"has-text-align-center\" data-align=\"center\"><\/td><td class=\"has-text-align-center\" data-align=\"center\">34<\/td><\/tr><tr><td class=\"has-text-align-center\" data-align=\"center\">9.<\/td><td><strong>Woda S\u0142awomir<\/strong><\/td><td class=\"has-text-align-center\" data-align=\"center\">34<\/td><td class=\"has-text-align-center\" data-align=\"center\"><\/td><td class=\"has-text-align-center\" data-align=\"center\">34<\/td><\/tr><tr><td class=\"has-text-align-center\" data-align=\"center\">13<\/td><td><mark style=\"background-color:rgba(0, 0, 0, 0)\" class=\"has-inline-color has-vivid-red-color\">Durczok Willi<\/mark><\/td><td class=\"has-text-align-center\" data-align=\"center\">29<\/td><td class=\"has-text-align-center\" data-align=\"center\"><\/td><td class=\"has-text-align-center\" data-align=\"center\">29<\/td><\/tr><tr><td class=\"has-text-align-center\" data-align=\"center\">14.<\/td><td><mark style=\"background-color:rgba(0, 0, 0, 0)\" class=\"has-inline-color has-vivid-red-color\">Cichy Witold<\/mark><\/td><td class=\"has-text-align-center\" data-align=\"center\">23<\/td><td class=\"has-text-align-center\" data-align=\"center\">4<\/td><td class=\"has-text-align-center\" data-align=\"center\">27<\/td><\/tr><tr><td class=\"has-text-align-center\" data-align=\"center\">15.<\/td><td><mark style=\"background-color:rgba(0, 0, 0, 0)\" class=\"has-inline-color has-vivid-red-color\">Mroczek Urszula<\/mark><\/td><td class=\"has-text-align-center\" data-align=\"center\">27<\/td><td class=\"has-text-align-center\" data-align=\"center\"><\/td><td class=\"has-text-align-center\" data-align=\"center\">27<\/td><\/tr><\/tbody><\/table><\/figure>\n\n\n\n<div class=\"wp-block-columns are-vertically-aligned-center is-layout-flex wp-container-core-columns-is-layout-28f84493 wp-block-columns-is-layout-flex\">\n<div class=\"wp-block-column is-layout-flow wp-block-column-is-layout-flow\"><\/div>\n<\/div>\n\n\n\n<div style=\"height:5px\" aria-hidden=\"true\" class=\"wp-block-spacer\"><\/div>\n\n\n\n<h4 class=\"has-text-align-center wp-block-heading\">Regulamin konkursu:<\/h4>\n\n\n\n<ol class=\"wp-block-list\" start=\"1\"><li>Zarz\u0105d Ko\u0142a PTTK \u201eGronie&#8221; ustala niniejszym regulaminem zasady zdobywania punktacji dla najlepszego turysty.<\/li><li>Udzia\u0142 w konkursie jest dobrowolny.<\/li><li>Punkty mog\u0105 zdobywa\u0107  cz\u0142onkowie Ko\u0142a PTTK \u201eGronie\u201d. Jednocze\u015bnie naliczana jest punktacja dla cz\u0142onk\u00f3w PTTK z poza ko\u0142a, najaktywniejszy b\u0119dzie wyr\u00f3\u017cniony.<\/li><li>Warunkiem uczestnictwa w konkursie jest udzia\u0142 w co najmniej 3 wycieczkach.<\/li><li>Celem konkursu jest propagowanie turystyki jako aktywnej formy wypoczynku i relaksu.<\/li><li>Zach\u0119canie turysty do uczestnictwa w wi\u0119kszej ilo\u015bci wycieczek organizowanych przez Ko\u0142o PTTK \u201eGronie&#8221;.<\/li><li>Popularyzacja zdobywania odznak turystycznych jako czynnika zach\u0119caj\u0105cego do poznawania kraju i przyrody.<\/li><li>Rywalizacja rozpoczyna si\u0119 od 1 pa\u017adziernika danego roku do 30 wrze\u015bnia nast\u0119pnego roku.<\/li><li>Wyr\u00f3\u017cnienie zwyci\u0119zc\u00f3w nast\u0105pi podczas imprezy: \u201eZako\u0144czenie sezonu\u201d.<\/li><li>Udzia\u0142 w rywalizacji mo\u017ce bra\u0107 ka\u017cdy turysta pe\u0142noletni oraz dzieci pod opiek\u0105 doros\u0142ych.<\/li><li>Ostateczna interpretacja regulaminu nale\u017cy do Zarz\u0105du Ko\u0142a.<\/li><li>Punktacj\u0119 prowadzi Zarz\u0105d Ko\u0142a PTTK \u201eGronie\u201d.<\/li><li>Aktualna lista \u201eNajlepszych\u201d b\u0119dzie publikowana na stronie internetowej Ko\u0142a.<\/li><li>Udzia\u0142 w konkursie jest r\u00f3wnoznaczny z wyra\u017ceniem przez osoby uczestnicz\u0105ce zgody na przetwarzanie przez organizatora ich danych osobowych na potrzeby konkursu &#8211; zgodnie z Rozporz\u0105dzeniem Parlamentu Europejskiego i Rady (UE) 2016\/679 z dnia 27 kwietnia 2016 r. w sprawie ochrony os\u00f3b fizycznych w zwi\u0105zku z przetwarzaniem danych osobowych i w sprawie swobodnego przep\u0142ywu takich danych oraz uchylenia dyrektywy 95\/46\/WE (og\u00f3lne rozporz\u0105dzenie o ochronie danych).<\/li><li>Nagrod\u0105 za zwyci\u0119stwo  w konkursie jest rabat  naliczany po imprezie &#8222;Zako\u0144czenie Sezonu&#8221; w wysoko\u015bci <strong>5 z\u0142otych <\/strong>miejsca 1-3 do dnia <strong>30.09.2021 r<\/strong>. , oraz <strong>5 z\u0142otych<\/strong> miejsca 4-10 do dnia <strong>30.05.2021 r.<\/strong> ,na &#8222;Rajdzie po Groniach&#8221; przeliczamy  nowe punkty i naliczamy nowy rabat do <strong>30.09.2021 r.<\/strong><\/li><li> Rabat przys\u0142uguje na wycieczki jednodniowe organizowane przez Ko\u0142o PTTK &#8222;Gronie&#8221;.<\/li><li>Punktacja:<ul><li>za zdobycie odznaki turystycznej 2 pkt,<\/li><li>za udzia\u0142 w wycieczce organizowanej przez Ko\u0142o PTTK \u201eGronie&#8221; 3 pkt,<\/li><li>za uzyskanie uprawnie\u0144 kadry programowej PTTK (instruktor, przodownik) 5 pkt, za powi\u0119kszenie uprawnie\u0144 3 pkt.<\/li><li>za udzia\u0142 w wycieczce wielodniowej 5 pkt,<\/li><li>za udzia\u0142 w najwi\u0119kszej liczbie wycieczek (po zako\u0144czeniu sezonu) 6 pkt.<\/li><\/ul><\/li><\/ol>\n\n\n\n<p><\/p>\n","protected":false},"excerpt":{"rendered":"<p>IX edycja konkursu\u201eNajlepszy Turysta Ko\u0142a\u201d \u2013 2020-2021 Aktualne wyniki (30.09.2021 r.) Miejsce Nazwisko i Imi\u0119 Wycieczki Odznaki Suma pkt 1. Czy\u017cyk Marek 45 52 97 2. Bluszcz Danuta 67+6 6 79 3. Lach Danuta 59 8 67 4. Buchalik Damian 57 57 5. Ciota Beata 44 12 56 6. Bednorz Zofia 53 2 55 6. [&hellip;]<\/p>\n","protected":false},"author":1,"featured_media":0,"parent":0,"menu_order":0,"comment_status":"closed","ping_status":"closed","template":"","meta":{"ngg_post_thumbnail":0,"footnotes":""},"class_list":["post-15546","page","type-page","status-publish","hentry"],"aioseo_notices":[],"_links":{"self":[{"href":"https:\/\/pttkgronie.radlin.pl\/pttkgronie\/wp-json\/wp\/v2\/pages\/15546","targetHints":{"allow":["GET"]}}],"collection":[{"href":"https:\/\/pttkgronie.radlin.pl\/pttkgronie\/wp-json\/wp\/v2\/pages"}],"about":[{"href":"https:\/\/pttkgronie.radlin.pl\/pttkgronie\/wp-json\/wp\/v2\/types\/page"}],"author":[{"embeddable":true,"href":"https:\/\/pttkgronie.radlin.pl\/pttkgronie\/wp-json\/wp\/v2\/users\/1"}],"replies":[{"embeddable":true,"href":"https:\/\/pttkgronie.radlin.pl\/pttkgronie\/wp-json\/wp\/v2\/comments?post=15546"}],"version-history":[{"count":3,"href":"https:\/\/pttkgronie.radlin.pl\/pttkgronie\/wp-json\/wp\/v2\/pages\/15546\/revisions"}],"predecessor-version":[{"id":15555,"href":"https:\/\/pttkgronie.radlin.pl\/pttkgronie\/wp-json\/wp\/v2\/pages\/15546\/revisions\/15555"}],"wp:attachment":[{"href":"https:\/\/pttkgronie.radlin.pl\/pttkgronie\/wp-json\/wp\/v2\/media?parent=15546"}],"curies":[{"name":"wp","href":"https:\/\/api.w.org\/{rel}","templated":true}]}}